{"id":19,"date":"2018-08-22T13:36:46","date_gmt":"2018-08-22T11:36:46","guid":{"rendered":"http:\/\/baumpflege-zeidler.de\/?page_id=19"},"modified":"2022-09-14T10:44:52","modified_gmt":"2022-09-14T08:44:52","slug":"start","status":"publish","type":"page","link":"http:\/\/baumpflege-zeidler.de\/","title":{"rendered":"Allgemeines"},"content":{"rendered":"<section class=\"l-section wpb_row height_auto width_full\"><div class=\"l-section-h i-cf\"><div class=\"g-cols vc_row via_flex valign_top type_boxes stacking_default\"><div class=\"vc_col-sm-6 wpb_column vc_column_container\"><div class=\"vc_column-inner\"><div class=\"wpb_wrapper\"><div class=\"wpb_text_column\"><div class=\"wpb_wrapper\"><h3 class=\"dgfett18\">Baumpflege und Baumf\u00e4llung<br \/>\n<span class=\"dgfett14\">im Einklang mit Natur, Mensch und Geb\u00e4ude<\/span><\/h3>\n<p class=\"dgmager14\">Als gelernter Forstwirt bin ich seit knapp f\u00fcnfzehn Jahren als Baumpfleger und als Landschaftsg\u00e4rtner t\u00e4tig.<\/p>\n<p>Ich biete Ihnen alles rund um die g\u00e4rtnerische Pflege, von Pflanzungen,<br \/>\n\u00fcber Strauch- und Heckenschnitt, bis hin zur Baumpflege und insbesondere<br \/>\nProblemf\u00e4llungen und sorge somit f\u00fcr ein sicheres Dasein f\u00fcr Mensch und<br \/>\nTier in der Baum- und Pflanzenwelt.<\/p>\n<p>Meine Erfahrungen und Fertigkeiten, besonders in der Baum- und Sonderf\u00e4llung &#8211; ich besitze die Seilklettertechnik-Scheine A und B &#8211; konnte ich in den letzten Jahren stetig ausbauen und perfektionieren. \u00dcberdies besitze ich eine eigene, den aktuellen Standards entsprechende Kletterausr\u00fcstung.<br \/>\nDar\u00fcber hinaus habe ich auch fundierte Kenntnisse und St\u00e4rken im Garten- und Landschaftsbau, speziell im Bereich der Natursteinverarbeitung, insbesondere Trockenmauern und Steinsetzungen.<\/p>\n<p>Eine runde Sache &#8230; f\u00fcr ein sicheres Gef\u00fchl \u2013 mit Liebe, Leidenschaft und<br \/>\nProfessionalit\u00e4t f\u00fcr unsere Gemeinde, Nachbarn, Kunden und Freunde.<\/p>\n<\/div><\/div><\/div><\/div><\/div><div class=\"vc_col-sm-6 wpb_column vc_column_container  has_bg_color\"><div class=\"vc_column-inner us_custom_db9de9a2 us_animate_this\"><div class=\"wpb_wrapper\"><\/div><\/div><\/div><\/div><\/div><\/section><section class=\"l-section wpb_row height_auto width_full\"><div class=\"l-section-h i-cf\"><div class=\"g-cols vc_row via_flex valign_top type_boxes stacking_default\"><div class=\"vc_col-sm-6 wpb_column vc_column_container has_bg_color\"><div class=\"vc_column-inner us_custom_ace71410\"><div class=\"wpb_wrapper\"><\/div><\/div><\/div><div class=\"vc_col-sm-6 wpb_column vc_column_container\"><div class=\"vc_column-inner\"><div class=\"wpb_wrapper\"><div class=\"wpb_text_column\"><div class=\"wpb_wrapper\"><h4 class=\"dgfett18\">Fachgerechte Baumpflege<\/h4>\n<p>Baumpflegema\u00dfnahmen sollen<\/p>\n<ul>\n<li>die weitere Entwicklung des Baumes f\u00f6rdern<\/li>\n<li>Erkrankungen des Baumes therapieren<\/li>\n<li>negative, nicht verhinderbare Einfl\u00fcsse (z. B. bei Bauma\u00dfnahmen) minimieren<\/li>\n<li>die Folgen eingetretener Sch\u00e4den oder Schw\u00e4chen minimieren<\/li>\n<li>entsprechend der Entwicklungsphase des Baumes ausgef\u00fchrt werden<\/li>\n<li>entsprechend den anerkannten Methoden durchgef\u00fchrt werden<\/li>\n<li>unter Ber\u00fccksichtigung neuer Fortschritte und Erkenntnisse auf diesem Gebiet erfolgen<\/li>\n<\/ul>\n<\/div><\/div><\/div><\/div><\/div><\/div><\/div><\/section>\n","protected":false},"excerpt":{"rendered":"Baumpflege und Baumf\u00e4llung im Einklang mit Natur, Mensch und Geb\u00e4ude Als gelernter Forstwirt bin ich seit knapp f\u00fcnfzehn Jahren als Baumpfleger und als Landschaftsg\u00e4rtner t\u00e4tig. Ich biete Ihnen alles rund um die g\u00e4rtnerische Pflege, von Pflanzungen, \u00fcber Strauch- und Heckenschnitt, bis hin zur Baumpflege und insbesondere Problemf\u00e4llungen und sorge somit f\u00fcr ein sicheres Dasein f\u00fcr...","protected":false},"author":4,"featured_media":0,"parent":0,"menu_order":0,"comment_status":"closed","ping_status":"closed","template":"","meta":{"footnotes":""},"class_list":["post-19","page","type-page","status-publish","hentry"],"_links":{"self":[{"href":"http:\/\/baumpflege-zeidler.de\/index.php?rest_route=\/wp\/v2\/pages\/19","targetHints":{"allow":["GET"]}}],"collection":[{"href":"http:\/\/baumpflege-zeidler.de\/index.php?rest_route=\/wp\/v2\/pages"}],"about":[{"href":"http:\/\/baumpflege-zeidler.de\/index.php?rest_route=\/wp\/v2\/types\/page"}],"author":[{"embeddable":true,"href":"http:\/\/baumpflege-zeidler.de\/index.php?rest_route=\/wp\/v2\/users\/4"}],"replies":[{"embeddable":true,"href":"http:\/\/baumpflege-zeidler.de\/index.php?rest_route=%2Fwp%2Fv2%2Fcomments&post=19"}],"version-history":[{"count":54,"href":"http:\/\/baumpflege-zeidler.de\/index.php?rest_route=\/wp\/v2\/pages\/19\/revisions"}],"predecessor-version":[{"id":1223,"href":"http:\/\/baumpflege-zeidler.de\/index.php?rest_route=\/wp\/v2\/pages\/19\/revisions\/1223"}],"wp:attachment":[{"href":"http:\/\/baumpflege-zeidler.de\/index.php?rest_route=%2Fwp%2Fv2%2Fmedia&parent=19"}],"curies":[{"name":"wp","href":"https:\/\/api.w.org\/{rel}","templated":true}]}}