{"id":1200,"date":"2022-09-14T10:09:39","date_gmt":"2022-09-14T08:09:39","guid":{"rendered":"http:\/\/baumpflege-zeidler.de\/?page_id=1200"},"modified":"2022-09-14T10:51:34","modified_gmt":"2022-09-14T08:51:34","slug":"baumfaellung","status":"publish","type":"page","link":"http:\/\/baumpflege-zeidler.de\/?page_id=1200","title":{"rendered":"Baumf\u00e4llung"},"content":{"rendered":"<section class=\"l-section wpb_row height_medium\"><div class=\"l-section-h i-cf\"><div class=\"g-cols vc_row via_flex valign_top type_boxes stacking_default\"><div class=\"vc_col-sm-8 wpb_column vc_column_container\"><div class=\"vc_column-inner\"><div class=\"wpb_wrapper\"><div class=\"wpb_text_column\"><div class=\"wpb_wrapper\"><h2 class=\"dgfett18\">Die Komplettf\u00e4llung<\/h2>\n<h4 class=\"dgfett14\">F\u00e4llen in freien Bereichen<\/h4>\n<p class=\"dgmager14\">Bei g\u00fcnstigen Platzverh\u00e4ltnissen, wenn das Umfeld eines Baumes keine Gefahr f\u00fcr Geb\u00e4ude usw. darstellt, f\u00e4llen wir Ihren Baum ganz traditionell in einem St\u00fcck. Durch das Anbringen eines Zugseiles ist die Komplettf\u00e4llung eine sichere F\u00e4llmethode.<\/p>\n<\/div><\/div><div class=\"w-image us_custom_0f8f44b7 align_none\"><div class=\"w-image-h\"><img loading=\"lazy\" decoding=\"async\" width=\"530\" height=\"398\" src=\"http:\/\/baumpflege-zeidler.de\/wp-content\/uploads\/2022\/09\/26.jpg\" class=\"attachment-full size-full\" alt=\"\" srcset=\"http:\/\/baumpflege-zeidler.de\/wp-content\/uploads\/2022\/09\/26.jpg 530w, http:\/\/baumpflege-zeidler.de\/wp-content\/uploads\/2022\/09\/26-300x225.jpg 300w\" sizes=\"auto, (max-width: 530px) 100vw, 530px\" \/><\/div><\/div><div class=\"w-image us_custom_0f8f44b7 align_none\"><div class=\"w-image-h\"><img loading=\"lazy\" decoding=\"async\" width=\"530\" height=\"398\" src=\"http:\/\/baumpflege-zeidler.de\/wp-content\/uploads\/2022\/09\/28.jpg\" class=\"attachment-full size-full\" alt=\"\" srcset=\"http:\/\/baumpflege-zeidler.de\/wp-content\/uploads\/2022\/09\/28.jpg 530w, http:\/\/baumpflege-zeidler.de\/wp-content\/uploads\/2022\/09\/28-300x225.jpg 300w\" sizes=\"auto, (max-width: 530px) 100vw, 530px\" \/><\/div><\/div><div class=\"wpb_text_column us_custom_b4c0c321\"><div class=\"wpb_wrapper\"><h4 class=\"dgfett14\">Abtragung einzelner Baumteile<\/h4>\n<p class=\"dgmager14\">Der Baum &#8211; gleich welcher Gr\u00f6\u00dfe &#8211; wird von mir unter fachlichem Umgang mit der Motors\u00e4ge St\u00fcck f\u00fcr St\u00fcck abgetragen, wenn eine Komplettf\u00e4llung nicht m\u00f6glich ist, sich \u00c4ste und Stammteile \u00fcber Geb\u00e4uden befinden und f\u00fcr eine Hebeb\u00fchne kein Platz vorhanden ist.<\/p>\n<\/div><\/div><div class=\"w-image us_custom_0f8f44b7 align_none\"><div class=\"w-image-h\"><img loading=\"lazy\" decoding=\"async\" width=\"530\" height=\"398\" src=\"http:\/\/baumpflege-zeidler.de\/wp-content\/uploads\/2022\/09\/32.jpg\" class=\"attachment-full size-full\" alt=\"\" srcset=\"http:\/\/baumpflege-zeidler.de\/wp-content\/uploads\/2022\/09\/32.jpg 530w, http:\/\/baumpflege-zeidler.de\/wp-content\/uploads\/2022\/09\/32-300x225.jpg 300w\" sizes=\"auto, (max-width: 530px) 100vw, 530px\" \/><\/div><\/div><div class=\"wpb_text_column us_custom_b4c0c321\"><div class=\"wpb_wrapper\"><h4 class=\"dgfett14\">Baumabtragung durch Abseilen<\/h4>\n<p class=\"dgmager14\">Durch spezielle Abseiltechniken ist es m\u00f6glich, alle Ast- und Stammteile kontrolliert und sicher am Seil abzulassen, umin der Umgebung des Baumes nichts zu zerst\u00f6ren. Dar\u00fcber hinaus erm\u00f6glicht es der Einsatz von Seilbahntechniken, Hinderniusse zu \u00fcberwinden.<\/p>\n<\/div><\/div><div class=\"w-image us_custom_0f8f44b7 align_none\"><div class=\"w-image-h\"><img loading=\"lazy\" decoding=\"async\" width=\"530\" height=\"707\" src=\"http:\/\/baumpflege-zeidler.de\/wp-content\/uploads\/2022\/09\/34.jpg\" class=\"attachment-full size-full\" alt=\"\" srcset=\"http:\/\/baumpflege-zeidler.de\/wp-content\/uploads\/2022\/09\/34.jpg 530w, http:\/\/baumpflege-zeidler.de\/wp-content\/uploads\/2022\/09\/34-225x300.jpg 225w\" sizes=\"auto, (max-width: 530px) 100vw, 530px\" \/><\/div><\/div><div class=\"wpb_text_column us_custom_b4c0c321\"><div class=\"wpb_wrapper\"><h4 class=\"dgfett14\">Baumabtragung durch Werfen<\/h4>\n<p class=\"dgmager14\">Bei vorhandenem Platz kann der Baum auch durch gezieltes Abwerfen der einzelnen Ast- und Stammteile sicher und st\u00fcckweise abgetragen werden.<\/p>\n<\/div><\/div><div class=\"w-image us_custom_0f8f44b7 align_none\"><div class=\"w-image-h\"><img loading=\"lazy\" decoding=\"async\" width=\"530\" height=\"398\" src=\"http:\/\/baumpflege-zeidler.de\/wp-content\/uploads\/2022\/09\/38.jpg\" class=\"attachment-full size-full\" alt=\"\" srcset=\"http:\/\/baumpflege-zeidler.de\/wp-content\/uploads\/2022\/09\/38.jpg 530w, http:\/\/baumpflege-zeidler.de\/wp-content\/uploads\/2022\/09\/38-300x225.jpg 300w\" sizes=\"auto, (max-width: 530px) 100vw, 530px\" \/><\/div><\/div><\/div><\/div><\/div><div class=\"vc_col-sm-4 wpb_column vc_column_container  has_bg_color\"><div class=\"vc_column-inner us_custom_30194dc0 us_animate_this\"><div class=\"wpb_wrapper\"><div class=\"wpb_text_column\"><div class=\"wpb_wrapper\"><h4 class=\"dgfett18\">Baumf\u00e4llung<\/h4>\n<p class=\"dgmager14\">Je nach Standort bieten wir ihnen unterschiedliche F\u00e4llma\u00dfnahmen an, damit umstehende Geb\u00e4ude, H\u00e4user, Winterg\u00e4rten, Garagen, wertvolle Pflanzungen oder Nachbargrundst\u00fccke nicht gef\u00e4hrdet werden.<\/p>\n<\/div><\/div><div class=\"w-image us_custom_0f8f44b7 align_none\"><div class=\"w-image-h\"><img loading=\"lazy\" decoding=\"async\" width=\"260\" height=\"347\" src=\"http:\/\/baumpflege-zeidler.de\/wp-content\/uploads\/2022\/09\/31.jpg\" class=\"attachment-large size-large\" alt=\"\" srcset=\"http:\/\/baumpflege-zeidler.de\/wp-content\/uploads\/2022\/09\/31.jpg 260w, http:\/\/baumpflege-zeidler.de\/wp-content\/uploads\/2022\/09\/31-225x300.jpg 225w\" sizes=\"auto, (max-width: 260px) 100vw, 260px\" \/><\/div><\/div><div class=\"w-image us_custom_0f8f44b7 align_none\"><div class=\"w-image-h\"><img loading=\"lazy\" decoding=\"async\" width=\"260\" height=\"347\" src=\"http:\/\/baumpflege-zeidler.de\/wp-content\/uploads\/2022\/09\/30.jpg\" class=\"attachment-large size-large\" alt=\"\" srcset=\"http:\/\/baumpflege-zeidler.de\/wp-content\/uploads\/2022\/09\/30.jpg 260w, http:\/\/baumpflege-zeidler.de\/wp-content\/uploads\/2022\/09\/30-225x300.jpg 225w\" sizes=\"auto, (max-width: 260px) 100vw, 260px\" \/><\/div><\/div><div class=\"w-image us_custom_0f8f44b7 align_none\"><div class=\"w-image-h\"><img loading=\"lazy\" decoding=\"async\" width=\"300\" height=\"400\" src=\"http:\/\/baumpflege-zeidler.de\/wp-content\/uploads\/2022\/09\/29_100_2129.jpg\" class=\"attachment-large size-large\" alt=\"\" srcset=\"http:\/\/baumpflege-zeidler.de\/wp-content\/uploads\/2022\/09\/29_100_2129.jpg 300w, http:\/\/baumpflege-zeidler.de\/wp-content\/uploads\/2022\/09\/29_100_2129-225x300.jpg 225w\" sizes=\"auto, (max-width: 300px) 100vw, 300px\" \/><\/div><\/div><\/div><\/div><\/div><\/div><\/div><\/section>\n","protected":false},"excerpt":{"rendered":"Die Komplettf\u00e4llung F\u00e4llen in freien Bereichen Bei g\u00fcnstigen Platzverh\u00e4ltnissen, wenn das Umfeld eines Baumes keine Gefahr f\u00fcr Geb\u00e4ude usw. darstellt, f\u00e4llen wir Ihren Baum ganz traditionell in einem St\u00fcck. Durch das Anbringen eines Zugseiles ist die Komplettf\u00e4llung eine sichere F\u00e4llmethode. Abtragung einzelner Baumteile Der Baum &#8211; gleich welcher Gr\u00f6\u00dfe &#8211; wird von mir unter fachlichem...","protected":false},"author":4,"featured_media":0,"parent":0,"menu_order":0,"comment_status":"closed","ping_status":"closed","template":"","meta":{"footnotes":""},"class_list":["post-1200","page","type-page","status-publish","hentry"],"_links":{"self":[{"href":"http:\/\/baumpflege-zeidler.de\/index.php?rest_route=\/wp\/v2\/pages\/1200","targetHints":{"allow":["GET"]}}],"collection":[{"href":"http:\/\/baumpflege-zeidler.de\/index.php?rest_route=\/wp\/v2\/pages"}],"about":[{"href":"http:\/\/baumpflege-zeidler.de\/index.php?rest_route=\/wp\/v2\/types\/page"}],"author":[{"embeddable":true,"href":"http:\/\/baumpflege-zeidler.de\/index.php?rest_route=\/wp\/v2\/users\/4"}],"replies":[{"embeddable":true,"href":"http:\/\/baumpflege-zeidler.de\/index.php?rest_route=%2Fwp%2Fv2%2Fcomments&post=1200"}],"version-history":[{"count":5,"href":"http:\/\/baumpflege-zeidler.de\/index.php?rest_route=\/wp\/v2\/pages\/1200\/revisions"}],"predecessor-version":[{"id":1228,"href":"http:\/\/baumpflege-zeidler.de\/index.php?rest_route=\/wp\/v2\/pages\/1200\/revisions\/1228"}],"wp:attachment":[{"href":"http:\/\/baumpflege-zeidler.de\/index.php?rest_route=%2Fwp%2Fv2%2Fmedia&parent=1200"}],"curies":[{"name":"wp","href":"https:\/\/api.w.org\/{rel}","templated":true}]}}