{"id":1195,"date":"2022-09-14T10:03:48","date_gmt":"2022-09-14T08:03:48","guid":{"rendered":"http:\/\/baumpflege-zeidler.de\/?page_id=1195"},"modified":"2022-09-14T10:49:40","modified_gmt":"2022-09-14T08:49:40","slug":"baumpflege","status":"publish","type":"page","link":"http:\/\/baumpflege-zeidler.de\/?page_id=1195","title":{"rendered":"Baumpflege"},"content":{"rendered":"<section class=\"l-section wpb_row height_medium\"><div class=\"l-section-h i-cf\"><div class=\"g-cols vc_row via_flex valign_top type_boxes stacking_default\"><div class=\"vc_col-sm-8 wpb_column vc_column_container\"><div class=\"vc_column-inner\"><div class=\"wpb_wrapper\"><div class=\"wpb_text_column\"><div class=\"wpb_wrapper\"><h2>Die Baumpflege<\/h2>\n<p class=\"dgmager14\">Die Aufgabe des Baumpflegers besteht darin, Baumpflege, Baumkontrolle und Spezialf\u00e4llungen unter Einsatz der Seilklettertechnik auszuf\u00fchren.<\/p>\n<p class=\"dgmager14\">Der allgemeine Pflegeauftrag besteht in einer fr\u00fchzeitigen Kronenpflege, das bedeutet reibende und scherende \u00c4ste entfernen, sowie in einer nachhaltigen Kronensicherung unter Ber\u00fccksichtigung der weiteren Entwicklung eines Baumes.<br \/>\nDar\u00fcber hinaus geh\u00f6rt Aufasten, Lichtraumprofil und D\u00fcrrastbeseitigung zum Aufgabenfeld der Pflege.<\/p>\n<\/div><\/div><div class=\"w-image us_custom_0f8f44b7 align_none\"><div class=\"w-image-h\"><img loading=\"lazy\" decoding=\"async\" width=\"530\" height=\"397\" src=\"http:\/\/baumpflege-zeidler.de\/wp-content\/uploads\/2022\/09\/47.jpg\" class=\"attachment-full size-full\" alt=\"\" srcset=\"http:\/\/baumpflege-zeidler.de\/wp-content\/uploads\/2022\/09\/47.jpg 530w, http:\/\/baumpflege-zeidler.de\/wp-content\/uploads\/2022\/09\/47-300x225.jpg 300w\" sizes=\"auto, (max-width: 530px) 100vw, 530px\" \/><\/div><\/div><\/div><\/div><\/div><div class=\"vc_col-sm-4 wpb_column vc_column_container  has_bg_color\"><div class=\"vc_column-inner us_custom_30194dc0 us_animate_this\"><div class=\"wpb_wrapper\"><div class=\"wpb_text_column\"><div class=\"wpb_wrapper\"><h4 class=\"dgfett16\">Baumpflege<\/h4>\n<p>Die Hauptaufgabe eines Baumpflegers ist die Pflege als der schonendste Eingriff und damit der Erhalt eines Baumes.<\/p>\n<p>Einen Baumpfleger sollten Sie anfagen,<\/p>\n<ul>\n<li>wenn Sie Gewissheit haben wollen, ob ein Baum gesund ist<\/li>\n<li>wenn Sie einen gesunden Baum erhalten m\u00f6chten<\/li>\n<li>wenn ein Baum verkleinert werden soll<\/li>\n<li>wenn Gefahren, die von einem Baum ausgehen, erkannt und behoben werden m\u00fcssen<\/li>\n<\/ul>\n<\/div><\/div><div class=\"w-image us_custom_0f8f44b7 align_none\"><div class=\"w-image-h\"><img loading=\"lazy\" decoding=\"async\" width=\"300\" height=\"401\" src=\"http:\/\/baumpflege-zeidler.de\/wp-content\/uploads\/2022\/09\/6.jpg\" class=\"attachment-large size-large\" alt=\"\" srcset=\"http:\/\/baumpflege-zeidler.de\/wp-content\/uploads\/2022\/09\/6.jpg 300w, http:\/\/baumpflege-zeidler.de\/wp-content\/uploads\/2022\/09\/6-224x300.jpg 224w\" sizes=\"auto, (max-width: 300px) 100vw, 300px\" \/><\/div><\/div><\/div><\/div><\/div><\/div><\/div><\/section>\n","protected":false},"excerpt":{"rendered":"Die Baumpflege Die Aufgabe des Baumpflegers besteht darin, Baumpflege, Baumkontrolle und Spezialf\u00e4llungen unter Einsatz der Seilklettertechnik auszuf\u00fchren. Der allgemeine Pflegeauftrag besteht in einer fr\u00fchzeitigen Kronenpflege, das bedeutet reibende und scherende \u00c4ste entfernen, sowie in einer nachhaltigen Kronensicherung unter Ber\u00fccksichtigung der weiteren Entwicklung eines Baumes. Dar\u00fcber hinaus geh\u00f6rt Aufasten, Lichtraumprofil und D\u00fcrrastbeseitigung zum Aufgabenfeld der Pflege....","protected":false},"author":4,"featured_media":0,"parent":0,"menu_order":0,"comment_status":"closed","ping_status":"closed","template":"","meta":{"footnotes":""},"class_list":["post-1195","page","type-page","status-publish","hentry"],"_links":{"self":[{"href":"http:\/\/baumpflege-zeidler.de\/index.php?rest_route=\/wp\/v2\/pages\/1195","targetHints":{"allow":["GET"]}}],"collection":[{"href":"http:\/\/baumpflege-zeidler.de\/index.php?rest_route=\/wp\/v2\/pages"}],"about":[{"href":"http:\/\/baumpflege-zeidler.de\/index.php?rest_route=\/wp\/v2\/types\/page"}],"author":[{"embeddable":true,"href":"http:\/\/baumpflege-zeidler.de\/index.php?rest_route=\/wp\/v2\/users\/4"}],"replies":[{"embeddable":true,"href":"http:\/\/baumpflege-zeidler.de\/index.php?rest_route=%2Fwp%2Fv2%2Fcomments&post=1195"}],"version-history":[{"count":3,"href":"http:\/\/baumpflege-zeidler.de\/index.php?rest_route=\/wp\/v2\/pages\/1195\/revisions"}],"predecessor-version":[{"id":1226,"href":"http:\/\/baumpflege-zeidler.de\/index.php?rest_route=\/wp\/v2\/pages\/1195\/revisions\/1226"}],"wp:attachment":[{"href":"http:\/\/baumpflege-zeidler.de\/index.php?rest_route=%2Fwp%2Fv2%2Fmedia&parent=1195"}],"curies":[{"name":"wp","href":"https:\/\/api.w.org\/{rel}","templated":true}]}}